{"id":106,"date":"2023-01-08T01:34:25","date_gmt":"2023-01-08T00:34:25","guid":{"rendered":"https:\/\/minijeraby.bedesign.cz\/minijeraby\/?page_id=106"},"modified":"2023-03-17T07:24:35","modified_gmt":"2023-03-17T06:24:35","slug":"reference","status":"publish","type":"page","link":"https:\/\/minijeraby.bedesign.cz\/minijeraby\/reference\/","title":{"rendered":"Reference"},"content":{"rendered":"\t\t<div data-elementor-type=\"wp-page\" data-elementor-id=\"106\" class=\"elementor elementor-106\">\n\t\t\t\t\t\t\t<div class=\"elementor-element elementor-element-ee1eaf0 e-con-boxed e-con\" data-id=\"ee1eaf0\" data-element_type=\"container\" data-settings=\"{&quot;content_width&quot;:&quot;boxed&quot;}\">\n\t\t\t\t\t<div class=\"e-con-inner\">\n\t\t<div class=\"elementor-element elementor-element-b00a85a e-con-full e-con\" data-id=\"b00a85a\" data-element_type=\"container\" data-settings=\"{&quot;content_width&quot;:&quot;full&quot;}\">\n\t\t\t\t<div class=\"elementor-element elementor-element-11ff1fe elementor-widget elementor-widget-image\" data-id=\"11ff1fe\" data-element_type=\"widget\" data-widget_type=\"image.default\">\n\t\t\t\t<div class=\"elementor-widget-container\">\n\t\t\t<style>\/*! elementor - v3.9.2 - 21-12-2022 *\/\n.elementor-widget-image{text-align:center}.elementor-widget-image a{display:inline-block}.elementor-widget-image a img[src$=\".svg\"]{width:48px}.elementor-widget-image img{vertical-align:middle;display:inline-block}<\/style>\t\t\t\t\t\t\t\t\t\t\t\t<img loading=\"lazy\" decoding=\"async\" width=\"768\" height=\"1024\" src=\"https:\/\/minijeraby.bedesign.cz\/minijeraby\/wp-content\/uploads\/2023\/03\/Maeda-minijerab-zlin-768x1024.jpeg\" class=\"attachment-medium_large size-medium_large wp-image-352\" alt=\"\" srcset=\"https:\/\/minijeraby.bedesign.cz\/minijeraby\/wp-content\/uploads\/2023\/03\/Maeda-minijerab-zlin-768x1024.jpeg 768w, https:\/\/minijeraby.bedesign.cz\/minijeraby\/wp-content\/uploads\/2023\/03\/Maeda-minijerab-zlin-225x300.jpeg 225w, https:\/\/minijeraby.bedesign.cz\/minijeraby\/wp-content\/uploads\/2023\/03\/Maeda-minijerab-zlin-1152x1536.jpeg 1152w, https:\/\/minijeraby.bedesign.cz\/minijeraby\/wp-content\/uploads\/2023\/03\/Maeda-minijerab-zlin.jpeg 1200w\" sizes=\"auto, (max-width: 768px) 100vw, 768px\" \/>\t\t\t\t\t\t\t\t\t\t\t\t\t\t\t<\/div>\n\t\t\t\t<\/div>\n\t\t\t\t<\/div>\n\t\t<div class=\"elementor-element elementor-element-98e6171 e-con-full e-con\" data-id=\"98e6171\" data-element_type=\"container\" data-settings=\"{&quot;content_width&quot;:&quot;full&quot;}\">\n\t\t\t\t<div class=\"elementor-element elementor-element-77a2d82 elementor-widget elementor-widget-image\" data-id=\"77a2d82\" data-element_type=\"widget\" data-widget_type=\"image.default\">\n\t\t\t\t<div class=\"elementor-widget-container\">\n\t\t\t\t\t\t\t\t\t\t\t\t\t\t\t<img loading=\"lazy\" decoding=\"async\" width=\"800\" height=\"600\" src=\"https:\/\/minijeraby.bedesign.cz\/minijeraby\/wp-content\/uploads\/2023\/03\/Maeda285klatovy-1024x768.jpg\" class=\"attachment-large size-large wp-image-353\" alt=\"\" srcset=\"https:\/\/minijeraby.bedesign.cz\/minijeraby\/wp-content\/uploads\/2023\/03\/Maeda285klatovy-1024x768.jpg 1024w, https:\/\/minijeraby.bedesign.cz\/minijeraby\/wp-content\/uploads\/2023\/03\/Maeda285klatovy-300x225.jpg 300w, https:\/\/minijeraby.bedesign.cz\/minijeraby\/wp-content\/uploads\/2023\/03\/Maeda285klatovy-768x576.jpg 768w, https:\/\/minijeraby.bedesign.cz\/minijeraby\/wp-content\/uploads\/2023\/03\/Maeda285klatovy-1536x1152.jpg 1536w, https:\/\/minijeraby.bedesign.cz\/minijeraby\/wp-content\/uploads\/2023\/03\/Maeda285klatovy-2048x1536.jpg 2048w\" sizes=\"auto, (max-width: 800px) 100vw, 800px\" \/>\t\t\t\t\t\t\t\t\t\t\t\t\t\t\t<\/div>\n\t\t\t\t<\/div>\n\t\t\t\t<\/div>\n\t\t<div class=\"elementor-element elementor-element-f407362 e-con-full e-con\" data-id=\"f407362\" data-element_type=\"container\" data-settings=\"{&quot;content_width&quot;:&quot;full&quot;}\">\n\t\t\t\t<div class=\"elementor-element elementor-element-2b9230f elementor-widget elementor-widget-image\" data-id=\"2b9230f\" data-element_type=\"widget\" data-widget_type=\"image.default\">\n\t\t\t\t<div class=\"elementor-widget-container\">\n\t\t\t\t\t\t\t\t\t\t\t\t\t\t\t<img loading=\"lazy\" decoding=\"async\" width=\"800\" height=\"526\" src=\"https:\/\/minijeraby.bedesign.cz\/minijeraby\/wp-content\/uploads\/2023\/01\/Snimek-obrazovky-2023-01-08-v-23.32.02-min-1024x673.png\" class=\"attachment-large size-large wp-image-147\" alt=\"\" srcset=\"https:\/\/minijeraby.bedesign.cz\/minijeraby\/wp-content\/uploads\/2023\/01\/Snimek-obrazovky-2023-01-08-v-23.32.02-min-1024x673.png 1024w, https:\/\/minijeraby.bedesign.cz\/minijeraby\/wp-content\/uploads\/2023\/01\/Snimek-obrazovky-2023-01-08-v-23.32.02-min-300x197.png 300w, https:\/\/minijeraby.bedesign.cz\/minijeraby\/wp-content\/uploads\/2023\/01\/Snimek-obrazovky-2023-01-08-v-23.32.02-min-768x505.png 768w, https:\/\/minijeraby.bedesign.cz\/minijeraby\/wp-content\/uploads\/2023\/01\/Snimek-obrazovky-2023-01-08-v-23.32.02-min-1536x1010.png 1536w, https:\/\/minijeraby.bedesign.cz\/minijeraby\/wp-content\/uploads\/2023\/01\/Snimek-obrazovky-2023-01-08-v-23.32.02-min-2048x1346.png 2048w\" sizes=\"auto, (max-width: 800px) 100vw, 800px\" \/>\t\t\t\t\t\t\t\t\t\t\t\t\t\t\t<\/div>\n\t\t\t\t<\/div>\n\t\t\t\t<\/div>\n\t\t<div class=\"elementor-element elementor-element-cfd2f95 e-con-full e-con\" data-id=\"cfd2f95\" data-element_type=\"container\" data-settings=\"{&quot;content_width&quot;:&quot;full&quot;}\">\n\t\t\t\t<\/div>\n\t\t\t\t\t<\/div>\n\t\t\t\t<\/div>\n\t\t<div class=\"elementor-element elementor-element-c404d86 e-con-boxed e-con\" data-id=\"c404d86\" data-element_type=\"container\" data-settings=\"{&quot;content_width&quot;:&quot;boxed&quot;}\">\n\t\t\t\t\t<div class=\"e-con-inner\">\n\t\t\t\t<div class=\"elementor-element elementor-element-abd652f elementor-grid-4 elementor-grid-tablet-2 elementor-grid-mobile-1 elementor-posts--thumbnail-top elementor-card-shadow-yes elementor-posts__hover-gradient elementor-widget elementor-widget-posts\" data-id=\"abd652f\" data-element_type=\"widget\" data-settings=\"{&quot;cards_columns&quot;:&quot;4&quot;,&quot;pagination_type&quot;:&quot;numbers&quot;,&quot;cards_columns_tablet&quot;:&quot;2&quot;,&quot;cards_columns_mobile&quot;:&quot;1&quot;,&quot;cards_row_gap&quot;:{&quot;unit&quot;:&quot;px&quot;,&quot;size&quot;:35,&quot;sizes&quot;:[]},&quot;cards_row_gap_tablet&quot;:{&quot;unit&quot;:&quot;px&quot;,&quot;size&quot;:&quot;&quot;,&quot;sizes&quot;:[]},&quot;cards_row_gap_mobile&quot;:{&quot;unit&quot;:&quot;px&quot;,&quot;size&quot;:&quot;&quot;,&quot;sizes&quot;:[]}}\" data-widget_type=\"posts.cards\">\n\t\t\t\t<div class=\"elementor-widget-container\">\n\t\t\t<link rel=\"stylesheet\" href=\"https:\/\/minijeraby.bedesign.cz\/minijeraby\/wp-content\/plugins\/elementor-pro\/assets\/css\/widget-posts.min.css\">\t\t<div class=\"elementor-posts-container elementor-posts elementor-posts--skin-cards elementor-grid\">\n\t\t\t\t<article class=\"elementor-post elementor-grid-item post-208 post type-post status-publish format-standard has-post-thumbnail hentry category-reference\">\n\t\t\t<div class=\"elementor-post__card\">\n\t\t\t\t<a class=\"elementor-post__thumbnail__link\" href=\"https:\/\/minijeraby.bedesign.cz\/minijeraby\/ukazka\/\" ><div class=\"elementor-post__thumbnail\"><img loading=\"lazy\" decoding=\"async\" width=\"300\" height=\"190\" src=\"https:\/\/minijeraby.bedesign.cz\/minijeraby\/wp-content\/uploads\/2023\/01\/Snimek-obrazovky-2023-01-08-v-23.35.30-min-300x190.png\" class=\"attachment-medium size-medium wp-image-160\" alt=\"\" srcset=\"https:\/\/minijeraby.bedesign.cz\/minijeraby\/wp-content\/uploads\/2023\/01\/Snimek-obrazovky-2023-01-08-v-23.35.30-min-300x190.png 300w, https:\/\/minijeraby.bedesign.cz\/minijeraby\/wp-content\/uploads\/2023\/01\/Snimek-obrazovky-2023-01-08-v-23.35.30-min-1024x649.png 1024w, https:\/\/minijeraby.bedesign.cz\/minijeraby\/wp-content\/uploads\/2023\/01\/Snimek-obrazovky-2023-01-08-v-23.35.30-min-768x486.png 768w, https:\/\/minijeraby.bedesign.cz\/minijeraby\/wp-content\/uploads\/2023\/01\/Snimek-obrazovky-2023-01-08-v-23.35.30-min-1536x973.png 1536w, https:\/\/minijeraby.bedesign.cz\/minijeraby\/wp-content\/uploads\/2023\/01\/Snimek-obrazovky-2023-01-08-v-23.35.30-min.png 1560w\" sizes=\"auto, (max-width: 300px) 100vw, 300px\" \/><\/div><\/a>\n\t\t\t\t<div class=\"elementor-post__badge\">Reference<\/div>\n\t\t\t\t<div class=\"elementor-post__text\">\n\t\t\t\t<h3 class=\"elementor-post__title\">\n\t\t\t<a href=\"https:\/\/minijeraby.bedesign.cz\/minijeraby\/ukazka\/\" >\n\t\t\t\tUk\u00e1zka\t\t\t<\/a>\n\t\t<\/h3>\n\t\t\t\t<div class=\"elementor-post__excerpt\">\n\t\t\t<p>Toto je uk\u00e1zkov\u00fd text, kter\u00fd bude nahrazen Va\u0161\u00edm. Toto je uk\u00e1zkov\u00fd text, kter\u00fd bude nahrazen<\/p>\n\t\t<\/div>\n\t\t\t\t<\/div>\n\t\t\t\t<div class=\"elementor-post__meta-data\">\n\t\t\t\t\t<span class=\"elementor-post-date\">\n\t\t\t9. 1. 2023\t\t<\/span>\n\t\t\t\t<span class=\"elementor-post-avatar\">\n\t\t\t\u017d\u00e1dn\u00e9 koment\u00e1\u0159e\t\t<\/span>\n\t\t\t\t<\/div>\n\t\t\t\t\t<\/div>\n\t\t<\/article>\n\t\t\t\t<article class=\"elementor-post elementor-grid-item post-206 post type-post status-publish format-standard has-post-thumbnail hentry category-reference\">\n\t\t\t<div class=\"elementor-post__card\">\n\t\t\t\t<a class=\"elementor-post__thumbnail__link\" href=\"https:\/\/minijeraby.bedesign.cz\/minijeraby\/ukazka-2\/\" ><div class=\"elementor-post__thumbnail\"><img loading=\"lazy\" decoding=\"async\" width=\"300\" height=\"175\" src=\"https:\/\/minijeraby.bedesign.cz\/minijeraby\/wp-content\/uploads\/2023\/01\/Snimek-obrazovky-2023-01-08-v-23.34.35-min-300x175.png\" class=\"attachment-medium size-medium wp-image-155\" alt=\"\" srcset=\"https:\/\/minijeraby.bedesign.cz\/minijeraby\/wp-content\/uploads\/2023\/01\/Snimek-obrazovky-2023-01-08-v-23.34.35-min-300x175.png 300w, https:\/\/minijeraby.bedesign.cz\/minijeraby\/wp-content\/uploads\/2023\/01\/Snimek-obrazovky-2023-01-08-v-23.34.35-min-1024x598.png 1024w, https:\/\/minijeraby.bedesign.cz\/minijeraby\/wp-content\/uploads\/2023\/01\/Snimek-obrazovky-2023-01-08-v-23.34.35-min-768x449.png 768w, https:\/\/minijeraby.bedesign.cz\/minijeraby\/wp-content\/uploads\/2023\/01\/Snimek-obrazovky-2023-01-08-v-23.34.35-min-1536x898.png 1536w, https:\/\/minijeraby.bedesign.cz\/minijeraby\/wp-content\/uploads\/2023\/01\/Snimek-obrazovky-2023-01-08-v-23.34.35-min.png 1540w\" sizes=\"auto, (max-width: 300px) 100vw, 300px\" \/><\/div><\/a>\n\t\t\t\t<div class=\"elementor-post__badge\">Reference<\/div>\n\t\t\t\t<div class=\"elementor-post__text\">\n\t\t\t\t<h3 class=\"elementor-post__title\">\n\t\t\t<a href=\"https:\/\/minijeraby.bedesign.cz\/minijeraby\/ukazka-2\/\" >\n\t\t\t\tUk\u00e1zka 2\t\t\t<\/a>\n\t\t<\/h3>\n\t\t\t\t<div class=\"elementor-post__excerpt\">\n\t\t\t<p>Toto je uk\u00e1zkov\u00fd text, kter\u00fd bude nahrazen Va\u0161\u00edm. Toto je uk\u00e1zkov\u00fd text, kter\u00fd bude nahrazen<\/p>\n\t\t<\/div>\n\t\t\t\t<\/div>\n\t\t\t\t<div class=\"elementor-post__meta-data\">\n\t\t\t\t\t<span class=\"elementor-post-date\">\n\t\t\t9. 1. 2023\t\t<\/span>\n\t\t\t\t<span class=\"elementor-post-avatar\">\n\t\t\t\u017d\u00e1dn\u00e9 koment\u00e1\u0159e\t\t<\/span>\n\t\t\t\t<\/div>\n\t\t\t\t\t<\/div>\n\t\t<\/article>\n\t\t\t\t<article class=\"elementor-post elementor-grid-item post-203 post type-post status-publish format-standard has-post-thumbnail hentry category-reference\">\n\t\t\t<div class=\"elementor-post__card\">\n\t\t\t\t<a class=\"elementor-post__thumbnail__link\" href=\"https:\/\/minijeraby.bedesign.cz\/minijeraby\/ukazka-4\/\" ><div class=\"elementor-post__thumbnail\"><img loading=\"lazy\" decoding=\"async\" width=\"300\" height=\"225\" src=\"https:\/\/minijeraby.bedesign.cz\/minijeraby\/wp-content\/uploads\/2023\/01\/Snimek-obrazovky-2023-01-08-v-23.33.57-min-300x225.png\" class=\"attachment-medium size-medium wp-image-151\" alt=\"\" srcset=\"https:\/\/minijeraby.bedesign.cz\/minijeraby\/wp-content\/uploads\/2023\/01\/Snimek-obrazovky-2023-01-08-v-23.33.57-min-300x225.png 300w, https:\/\/minijeraby.bedesign.cz\/minijeraby\/wp-content\/uploads\/2023\/01\/Snimek-obrazovky-2023-01-08-v-23.33.57-min-1024x768.png 1024w, https:\/\/minijeraby.bedesign.cz\/minijeraby\/wp-content\/uploads\/2023\/01\/Snimek-obrazovky-2023-01-08-v-23.33.57-min-768x576.png 768w, https:\/\/minijeraby.bedesign.cz\/minijeraby\/wp-content\/uploads\/2023\/01\/Snimek-obrazovky-2023-01-08-v-23.33.57-min.png 1442w\" sizes=\"auto, (max-width: 300px) 100vw, 300px\" \/><\/div><\/a>\n\t\t\t\t<div class=\"elementor-post__badge\">Reference<\/div>\n\t\t\t\t<div class=\"elementor-post__text\">\n\t\t\t\t<h3 class=\"elementor-post__title\">\n\t\t\t<a href=\"https:\/\/minijeraby.bedesign.cz\/minijeraby\/ukazka-4\/\" >\n\t\t\t\tUk\u00e1zka 3\t\t\t<\/a>\n\t\t<\/h3>\n\t\t\t\t<div class=\"elementor-post__excerpt\">\n\t\t\t<p>Toto je uk\u00e1zkov\u00fd text, kter\u00fd bude nahrazen Va\u0161\u00edm. Toto je uk\u00e1zkov\u00fd text, kter\u00fd bude nahrazen<\/p>\n\t\t<\/div>\n\t\t\t\t<\/div>\n\t\t\t\t<div class=\"elementor-post__meta-data\">\n\t\t\t\t\t<span class=\"elementor-post-date\">\n\t\t\t9. 1. 2023\t\t<\/span>\n\t\t\t\t<span class=\"elementor-post-avatar\">\n\t\t\t\u017d\u00e1dn\u00e9 koment\u00e1\u0159e\t\t<\/span>\n\t\t\t\t<\/div>\n\t\t\t\t\t<\/div>\n\t\t<\/article>\n\t\t\t\t<\/div>\n\t\t\n\t\t\t\t<\/div>\n\t\t\t\t<\/div>\n\t\t\t\t\t<\/div>\n\t\t\t\t<\/div>\n\t\t\t\t\t\t\t<\/div>\n\t\t","protected":false},"excerpt":{"rendered":"","protected":false},"author":1,"featured_media":0,"parent":0,"menu_order":0,"comment_status":"closed","ping_status":"closed","template":"","meta":{"footnotes":""},"class_list":["post-106","page","type-page","status-publish","hentry"],"_links":{"self":[{"href":"https:\/\/minijeraby.bedesign.cz\/minijeraby\/wp-json\/wp\/v2\/pages\/106","targetHints":{"allow":["GET"]}}],"collection":[{"href":"https:\/\/minijeraby.bedesign.cz\/minijeraby\/wp-json\/wp\/v2\/pages"}],"about":[{"href":"https:\/\/minijeraby.bedesign.cz\/minijeraby\/wp-json\/wp\/v2\/types\/page"}],"author":[{"embeddable":true,"href":"https:\/\/minijeraby.bedesign.cz\/minijeraby\/wp-json\/wp\/v2\/users\/1"}],"replies":[{"embeddable":true,"href":"https:\/\/minijeraby.bedesign.cz\/minijeraby\/wp-json\/wp\/v2\/comments?post=106"}],"version-history":[{"count":10,"href":"https:\/\/minijeraby.bedesign.cz\/minijeraby\/wp-json\/wp\/v2\/pages\/106\/revisions"}],"predecessor-version":[{"id":359,"href":"https:\/\/minijeraby.bedesign.cz\/minijeraby\/wp-json\/wp\/v2\/pages\/106\/revisions\/359"}],"wp:attachment":[{"href":"https:\/\/minijeraby.bedesign.cz\/minijeraby\/wp-json\/wp\/v2\/media?parent=106"}],"curies":[{"name":"wp","href":"https:\/\/api.w.org\/{rel}","templated":true}]}}